{"id":8,"date":"2019-05-27T16:34:43","date_gmt":"2019-05-27T16:34:43","guid":{"rendered":"http:\/\/erhard-bohnenberger.de\/?page_id=8"},"modified":"2019-05-27T16:39:47","modified_gmt":"2019-05-27T16:39:47","slug":"datenschutzerklaerung","status":"publish","type":"page","link":"http:\/\/erhard-bohnenberger.de\/?page_id=8","title":{"rendered":"Datenschutzerkl\u00e4rung"},"content":{"rendered":"\n<p>Personenbezogene Daten (nachfolgend zumeist nur \u201eDaten\u201c\ngenannt) werden von uns nur im Rahmen der Erforderlichkeit sowie zum\nZwecke der Bereitstellung eines funktionsf\u00e4higen und\nnutzerfreundlichen Internetauftritts, inklusive seiner Inhalte und\nder dort angebotenen Leistungen, verarbeitet.<\/p>\n\n\n\n<p>Gem\u00e4\u00df Art. 4 Ziffer 1. der Verordnung (EU) 2016\/679, also der\nDatenschutz-Grundverordnung (nachfolgend nur \u201eDSGVO\u201c genannt),\ngilt als \u201eVerarbeitung\u201c jeder mit oder ohne Hilfe automatisierter\nVerfahren ausgef\u00fchrter Vorgang oder jede solche Vorgangsreihe im\nZusammenhang mit personenbezogenen Daten, wie das Erheben, das\nErfassen, die Organisation, das Ordnen, die Speicherung, die\nAnpassung oder Ver\u00e4nderung, das Auslesen, das Abfragen, die\nVerwendung, die Offenlegung durch \u00dcbermittlung, Verbreitung oder\neine andere Form der Bereitstellung, den Abgleich oder die\nVerkn\u00fcpfung, die Einschr\u00e4nkung, das L\u00f6schen oder die Vernichtung.<\/p>\n\n\n\n<p>Mit der nachfolgenden Datenschutzerkl\u00e4rung informieren wir Sie\ninsbesondere \u00fcber Art, Umfang, Zweck, Dauer und Rechtsgrundlage der\nVerarbeitung personenbezogener Daten, soweit wir entweder allein oder\ngemeinsam mit anderen \u00fcber die Zwecke und Mittel der Verarbeitung\nentscheiden. Zudem informieren wir Sie nachfolgend \u00fcber die von uns\nzu Optimierungszwecken sowie zur Steigerung der Nutzungsqualit\u00e4t\neingesetzten Fremdkomponenten, soweit hierdurch Dritte Daten in\nwiederum eigener Verantwortung verarbeiten.<\/p>\n\n\n\n<p>Unsere Datenschutzerkl\u00e4rung ist wie folgt gegliedert:<\/p>\n\n\n\n<p>  I. Informationen \u00fcber uns als Verantwortliche<br> II. Rechte\nder Nutzer und Betroffenen<br>III. Informationen zur\nDatenverarbeitung<\/p>\n\n\n\n<h3 class=\"wp-block-heading\">I. Informationen \u00fcber uns als Verantwortliche<\/h3>\n\n\n\n<p>Verantwortlicher Anbieter dieses Internetauftritts im\ndatenschutzrechtlichen Sinne ist:<\/p>\n\n\n\n<p>Erhard Bohnenberger<\/p>\n\n\n\n<p>Haardter Weg 28<br>66663\nMerzig<br>Deutschland<\/p>\n\n\n\n<p>Telefon: 06861-73448<br>Telefax:\n&#8211;<br>E-Mail: <a href=\"mailto:erhbo@web.de\">erhbo@web.de<\/a><\/p>\n\n\n\n<p>Datenschutzbeauftragte\/r beim Anbieter ist:<\/p>\n\n\n\n<p>Erhard Bohnenberger<\/p>\n\n\n\n<p>Haardter Weg 28<br>66663\nMerzig<br>Deutschland<\/p>\n\n\n\n<p>Telefon: 06861-73448<br>Telefax:\n&#8211;<br>E-Mail: <a href=\"mailto:erhbo@web.de\">erhbo@web.de<\/a><\/p>\n\n\n\n<h3 class=\"wp-block-heading\">II. Rechte der Nutzer und Betroffenen<\/h3>\n\n\n\n<p>Mit Blick auf die nachfolgend noch n\u00e4her beschriebene\nDatenverarbeitung haben die Nutzer und Betroffenen das Recht<\/p>\n\n\n\n<ul class=\"wp-block-list\"><li>auf Best\u00e4tigung, ob sie\n\tbetreffende Daten verarbeitet werden, auf Auskunft \u00fcber die\n\tverarbeiteten Daten, auf weitere Informationen \u00fcber die\n\tDatenverarbeitung sowie auf Kopien der Daten (vgl. auch Art. 15\n\tDSGVO); \n\t\n\t<\/li><li>auf Berichtigung oder\n\tVervollst\u00e4ndigung unrichtiger bzw. unvollst\u00e4ndiger Daten (vgl.\n\tauch Art. 16 DSGVO); \n\t\n\t<\/li><li>auf unverz\u00fcgliche L\u00f6schung der\n\tsie betreffenden Daten (vgl. auch Art. 17 DSGVO), oder, alternativ,\n\tsoweit eine weitere Verarbeitung gem\u00e4\u00df Art. 17 Abs. 3 DSGVO\n\terforderlich ist, auf Einschr\u00e4nkung der Verarbeitung nach Ma\u00dfgabe\n\tvon Art. 18 DSGVO; \n\t\n\t<\/li><li>auf Erhalt der sie betreffenden\n\tund von ihnen bereitgestellten Daten und auf \u00dcbermittlung dieser\n\tDaten an andere Anbieter\/Verantwortliche (vgl. auch Art. 20 DSGVO); \n\t\n\t<\/li><li>auf Beschwerde gegen\u00fcber der Aufsichtsbeh\u00f6rde, sofern sie\n\tder Ansicht sind, dass die sie betreffenden Daten durch den Anbieter\n\tunter Versto\u00df gegen datenschutzrechtliche Bestimmungen verarbeitet\n\twerden (vgl. auch Art. 77 DSGVO). \n\t\n<\/li><\/ul>\n\n\n\n<p>Dar\u00fcber hinaus ist der Anbieter dazu verpflichtet, alle\nEmpf\u00e4nger, denen gegen\u00fcber Daten durch den Anbieter offengelegt\nworden sind, \u00fcber jedwede Berichtigung oder L\u00f6schung von Daten oder\ndie Einschr\u00e4nkung der Verarbeitung, die aufgrund der Artikel 16, 17\nAbs. 1, 18 DSGVO erfolgt, zu unterrichten. Diese Verpflichtung\nbesteht jedoch nicht, soweit diese Mitteilung unm\u00f6glich oder mit\neinem unverh\u00e4ltnism\u00e4\u00dfigen Aufwand verbunden ist. Unbeschadet\ndessen hat der Nutzer ein Recht auf Auskunft \u00fcber diese Empf\u00e4nger.<\/p>\n\n\n\n<p><strong>Ebenfalls haben die Nutzer und Betroffenen nach Art. 21\nDSGVO das Recht auf Widerspruch gegen die k\u00fcnftige Verarbeitung der\nsie betreffenden Daten, sofern die Daten durch den Anbieter nach\nMa\u00dfgabe von Art. 6 Abs. 1 lit. f) DSGVO verarbeitet werden.\nInsbesondere ist ein Widerspruch gegen die Datenverarbeitung zum\nZwecke der Direktwerbung statthaft.<\/strong><\/p>\n\n\n\n<h3 class=\"wp-block-heading\">III. Informationen zur Datenverarbeitung<\/h3>\n\n\n\n<p>Ihre bei Nutzung unseres Internetauftritts verarbeiteten Daten\nwerden gel\u00f6scht oder gesperrt, sobald der Zweck der Speicherung\nentf\u00e4llt, der L\u00f6schung der Daten keine gesetzlichen\nAufbewahrungspflichten entgegenstehen und nachfolgend keine\nanderslautenden Angaben zu einzelnen Verarbeitungsverfahren gemacht\nwerden.<\/p>\n\n\n\n<h4 class=\"wp-block-heading\">Serverdaten<\/h4>\n\n\n\n<p>Aus technischen Gr\u00fcnden, insbesondere zur Gew\u00e4hrleistung eines\nsicheren und stabilen Internetauftritts, werden Daten durch Ihren\nInternet-Browser an uns bzw. an unseren Webspace-Provider\n\u00fcbermittelt. Mit diesen sog. Server-Logfiles werden u.a. Typ und\nVersion Ihres Internetbrowsers, das Betriebssystem, die Website, von\nder aus Sie auf unseren Internetauftritt gewechselt haben (Referrer\nURL), die Website(s) unseres Internetauftritts, die Sie besuchen,\nDatum und Uhrzeit des jeweiligen Zugriffs sowie die IP-Adresse des\nInternetanschlusses, von dem aus die Nutzung unseres\nInternetauftritts erfolgt, erhoben.<\/p>\n\n\n\n<p>Diese so erhobenen Daten werden vorr\u00fcbergehend gespeichert, dies\njedoch nicht gemeinsam mit anderen Daten von Ihnen.<\/p>\n\n\n\n<p>Diese Speicherung erfolgt auf der Rechtsgrundlage von Art. 6 Abs.\n1 lit. f) DSGVO. Unser berechtigtes Interesse liegt in der\nVerbesserung, Stabilit\u00e4t, Funktionalit\u00e4t und Sicherheit unseres\nInternetauftritts.<\/p>\n\n\n\n<p>Die Daten werden sp\u00e4testens nach sieben Tage wieder gel\u00f6scht,\nsoweit keine weitere Aufbewahrung zu Beweiszwecken erforderlich ist.\nAndernfalls sind die Daten bis zur endg\u00fcltigen Kl\u00e4rung eines\nVorfalls ganz oder teilweise von der L\u00f6schung ausgenommen.<\/p>\n\n\n\n<h4 class=\"wp-block-heading\">Cookies<\/h4>\n\n\n\n<h5 class=\"wp-block-heading\">a) Sitzungs-Cookies\/Session-Cookies<\/h5>\n\n\n\n<p>Wir verwenden mit unserem Internetauftritt sog. Cookies. Cookies\nsind kleine Textdateien oder andere Speichertechnologien, die durch\nden von Ihnen eingesetzten Internet-Browser auf Ihrem Endger\u00e4t\nablegt und gespeichert werden. Durch diese Cookies werden im\nindividuellen Umfang bestimmte Informationen von Ihnen, wie\nbeispielsweise Ihre Browser- oder Standortdaten oder Ihre IP-Adresse,\nverarbeitet. &nbsp;<\/p>\n\n\n\n<p>Durch diese Verarbeitung wird unser Internetauftritt\nbenutzerfreundlicher, effektiver und sicherer, da die Verarbeitung\nbspw. die Wiedergabe unseres Internetauftritts in unterschiedlichen\nSprachen oder das Angebot einer Warenkorbfunktion erm\u00f6glicht.<\/p>\n\n\n\n<p>Rechtsgrundlage dieser Verarbeitung ist Art. 6 Abs. 1 lit b.)\nDSGVO, sofern diese Cookies Daten zur Vertragsanbahnung oder\nVertragsabwicklung verarbeitet werden.<\/p>\n\n\n\n<p>Falls die Verarbeitung nicht der Vertragsanbahnung oder\nVertragsabwicklung dient, liegt unser berechtigtes Interesse in der\nVerbesserung der Funktionalit\u00e4t unseres Internetauftritts.\nRechtsgrundlage ist in dann Art. 6 Abs. 1 lit. f) DSGVO.<\/p>\n\n\n\n<p>Mit Schlie\u00dfen Ihres Internet-Browsers werden diese\nSession-Cookies gel\u00f6scht.<\/p>\n\n\n\n<h5 class=\"wp-block-heading\">b) Drittanbieter-Cookies<\/h5>\n\n\n\n<p>Gegebenenfalls werden mit unserem Internetauftritt auch Cookies\nvon Partnerunternehmen, mit denen wir zum Zwecke der Werbung, der\nAnalyse oder der Funktionalit\u00e4ten unseres Internetauftritts\nzusammenarbeiten, verwendet.<\/p>\n\n\n\n<p>Die Einzelheiten hierzu, insbesondere zu den Zwecken und den\nRechtsgrundlagen der Verarbeitung solcher Drittanbieter-Cookies,\nentnehmen Sie bitte den nachfolgenden Informationen.<\/p>\n\n\n\n<h5 class=\"wp-block-heading\">c) Beseitigungsm\u00f6glichkeit<\/h5>\n\n\n\n<p>Sie k\u00f6nnen die Installation der Cookies durch eine Einstellung\nIhres Internet-Browsers verhindern oder einschr\u00e4nken. Ebenfalls\nk\u00f6nnen Sie bereits gespeicherte Cookies jederzeit l\u00f6schen. Die\nhierf\u00fcr erforderlichen Schritte und Ma\u00dfnahmen h\u00e4ngen jedoch von\nIhrem konkret genutzten Internet-Browser ab. Bei Fragen benutzen Sie\ndaher bitte die Hilfefunktion oder Dokumentation Ihres\nInternet-Browsers oder wenden sich an dessen Hersteller bzw. Support.\nBei sog. Flash-Cookies kann die Verarbeitung allerdings nicht \u00fcber\ndie Einstellungen des Browsers unterbunden werden. Stattdessen m\u00fcssen\nSie insoweit die Einstellung Ihres Flash-Players \u00e4ndern. Auch die\nhierf\u00fcr erforderlichen Schritte und Ma\u00dfnahmen h\u00e4ngen von Ihrem\nkonkret genutzten Flash-Player ab. Bei Fragen benutzen Sie daher\nbitte ebenso die Hilfefunktion oder Dokumentation Ihres Flash-Players\noder wenden sich an den Hersteller bzw. Benutzer-Support.<\/p>\n\n\n\n<p>Sollten Sie die Installation der Cookies verhindern oder\neinschr\u00e4nken, kann dies allerdings dazu f\u00fchren, dass nicht\ns\u00e4mtliche Funktionen unseres Internetauftritts vollumf\u00e4nglich\nnutzbar sind. \n<\/p>\n\n\n\n<h4 class=\"wp-block-heading\">YouTube<\/h4>\n\n\n\n<p>In unserem Internetauftritt setzen wir YouTube ein. Hierbei\nhandelt es sich um ein Videoportal der YouTube LLC., 901 Cherry Ave.,\n94066 San Bruno, CA, USA, nachfolgend nur \u201eYouTube\u201c genannt.<\/p>\n\n\n\n<p>YouTube ist ein Tochterunternehmen der Google LLC., Gordon House,\nBarrow Street, Dublin 4, Irland, nachfolgend nur \u201eGoogle\u201c\ngenannt.<\/p>\n\n\n\n<p>Durch die Zertifizierung nach dem EU-US-Datenschutzschild (\u201eEU-US\nPrivacy Shield\u201c)<\/p>\n\n\n\n<p><a href=\"https:\/\/www.privacyshield.gov\/participant?id=a2zt000000001L5AAI&amp;status=Active\">https:\/\/www.privacyshield.gov\/participant?id=a2zt000000001L5AAI&amp;status=Active<\/a><\/p>\n\n\n\n<p>garantiert Google und damit auch das Tochterunternehmen YouTube,\ndass die Datenschutzvorgaben der EU auch bei der Verarbeitung von\nDaten in den USA eingehalten werden.<\/p>\n\n\n\n<p>Wir nutzen YouTube im Zusammenhang mit der Funktion \u201eErweiterter\nDatenschutzmodus\u201c, um Ihnen Videos anzeigen zu k\u00f6nnen.\nRechtsgrundlage ist Art. 6 Abs. 1 lit. f) DSGVO. Unser berechtigtes\nInteresse liegt in der Qualit\u00e4tsverbesserung unseres\nInternetauftritts. Die Funktion \u201eErweiterter Datenschutzmodus\u201c\nbewirkt laut Angaben von YouTube, dass die nachfolgend noch n\u00e4her\nbezeichneten Daten nur dann an den Server von YouTube \u00fcbermittelt\nwerden, wenn Sie ein Video auch tats\u00e4chlich starten.<\/p>\n\n\n\n<p>Ohne diesen \u201eErweiterten Datenschutz\u201c wird eine Verbindung zum\nServer von YouTube in den USA hergestellt, sobald Sie eine unserer\nInternetseiten, auf der ein YouTube-Video eingebettet ist, aufrufen.<\/p>\n\n\n\n<p>Diese Verbindung ist erforderlich, um das jeweilige Video auf\nunserer Internetseite \u00fcber Ihren Internet-Browser darstellen zu\nk\u00f6nnen. Im Zuge dessen wird YouTube zumindest Ihre IP-Adresse, das\nDatum nebst Uhrzeit sowie die von Ihnen besuchte Internetseite\nerfassen und verarbeiten. Zudem wird eine Verbindung zu dem\nWerbenetzwerk \u201eDoubleClick\u201c von Google hergestellt.<\/p>\n\n\n\n<p>Sollten Sie gleichzeitig bei YouTube eingeloggt sein, weist\nYouTube die Verbindungsinformationen Ihrem YouTube-Konto zu. Wenn Sie\ndas verhindern m\u00f6chten, m\u00fcssen Sie sich entweder vor dem Besuch\nunseres Internetauftritts bei YouTube ausloggen oder die\nentsprechenden Einstellungen in Ihrem YouTube-Benutzerkonto\nvornehmen.<\/p>\n\n\n\n<p>Zum Zwecke der Funktionalit\u00e4t sowie zur Analyse des\nNutzungsverhaltens speichert YouTube dauerhaft Cookies \u00fcber Ihren\nInternet-Browser auf Ihrem Endger\u00e4t. Falls Sie mit dieser\nVerarbeitung nicht einverstanden sind, haben Sie die M\u00f6glichkeit,\ndie Speicherung der Cookies durch eine Einstellung in Ihrem\nInternet-Browsers zu verhindern. N\u00e4here Informationen hierzu finden\nSie vorstehend unter \u201eCookies\u201c.<\/p>\n\n\n\n<p>Weitergehende Informationen \u00fcber die Erhebung und Nutzung von\nDaten sowie Ihre diesbez\u00fcglichen Rechte und Schutzm\u00f6glichkeiten\nh\u00e4lt Google in den unter<\/p>\n\n\n\n<p><a href=\"https:\/\/policies.google.com\/privacy\">https:\/\/policies.google.com\/privacy<\/a><\/p>\n\n\n\n<p>abrufbaren Datenschutzhinweisen bereit.<\/p>\n\n\n\n<p>Diese Datenschutzerkl\u00e4rung basiert auf\nder:<\/p>\n\n\n\n<p>&#8222;Muster-Datenschutzerkl\u00e4rung der\nAnwaltskanzlei Wei\u00df &amp; Partner&#8220;<\/p>\n\n\n\n<p><a href=\"https:\/\/www.ratgeberrecht.eu\/team\/rechtsanwalt-frank-weiss.html\">https:\/\/www.ratgeberrecht.eu\/team\/rechtsanwalt-frank-weiss.html<\/a><\/p>\n","protected":false},"excerpt":{"rendered":"<p>Personenbezogene Daten (nachfolgend zumeist nur \u201eDaten\u201c genannt) werden von uns nur im Rahmen der Erforderlichkeit sowie zum Zwecke der Bereitstellung eines funktionsf\u00e4higen und nutzerfreundlichen Internetauftritts, inklusive seiner Inhalte und der dort angebotenen Leistungen, verarbeitet. Gem\u00e4\u00df Art. 4 Ziffer 1. der Verordnung (EU) 2016\/679, also der Datenschutz-Grundverordnung (nachfolgend nur \u201eDSGVO\u201c genannt), gilt als \u201eVerarbeitung\u201c jeder mit &hellip; <\/p>\n<p class=\"link-more\"><a href=\"http:\/\/erhard-bohnenberger.de\/?page_id=8\" class=\"more-link\"><span class=\"screen-reader-text\">\u201eDatenschutzerkl\u00e4rung\u201c<\/span> weiterlesen<\/a><\/p>\n","protected":false},"author":1,"featured_media":0,"parent":0,"menu_order":0,"comment_status":"closed","ping_status":"closed","template":"","meta":{"footnotes":""},"class_list":["post-8","page","type-page","status-publish","hentry"],"_links":{"self":[{"href":"http:\/\/erhard-bohnenberger.de\/index.php?rest_route=\/wp\/v2\/pages\/8","targetHints":{"allow":["GET"]}}],"collection":[{"href":"http:\/\/erhard-bohnenberger.de\/index.php?rest_route=\/wp\/v2\/pages"}],"about":[{"href":"http:\/\/erhard-bohnenberger.de\/index.php?rest_route=\/wp\/v2\/types\/page"}],"author":[{"embeddable":true,"href":"http:\/\/erhard-bohnenberger.de\/index.php?rest_route=\/wp\/v2\/users\/1"}],"replies":[{"embeddable":true,"href":"http:\/\/erhard-bohnenberger.de\/index.php?rest_route=%2Fwp%2Fv2%2Fcomments&post=8"}],"version-history":[{"count":2,"href":"http:\/\/erhard-bohnenberger.de\/index.php?rest_route=\/wp\/v2\/pages\/8\/revisions"}],"predecessor-version":[{"id":11,"href":"http:\/\/erhard-bohnenberger.de\/index.php?rest_route=\/wp\/v2\/pages\/8\/revisions\/11"}],"wp:attachment":[{"href":"http:\/\/erhard-bohnenberger.de\/index.php?rest_route=%2Fwp%2Fv2%2Fmedia&parent=8"}],"curies":[{"name":"wp","href":"https:\/\/api.w.org\/{rel}","templated":true}]}}